{"id":2,"date":"2023-01-04T03:38:25","date_gmt":"2023-01-04T03:38:25","guid":{"rendered":"http:\/\/sunnavfarm.com\/?page_id=2"},"modified":"2023-01-04T03:38:25","modified_gmt":"2023-01-04T03:38:25","slug":"sample-page","status":"publish","type":"page","link":"https:\/\/sunnavfarm.com\/tr\/ornek-sayfa\/","title":{"rendered":"\u00d6rnek Sayfa"},"content":{"rendered":"<p>Bu \u00f6rnek bir sayfad\u0131r. Bir blog yaz\u0131s\u0131ndan farkl\u0131d\u0131r \u00e7\u00fcnk\u00fc tek bir yerde durur ve sitenizin navigasyonunda g\u00f6r\u00fcn\u00fcr (\u00e7o\u011fu temada). \u00c7o\u011fu ki\u015fi, kendilerini potansiyel site ziyaret\u00e7ilerine tan\u0131tan bir Hakk\u0131nda sayfas\u0131yla ba\u015flar. \u015e\u00f6yle bir \u015fey yazabilir:<\/p>\n\n\n\n<blockquote class=\"wp-block-quote is-layout-flow wp-block-quote-is-layout-flow\"><p>Merhabalar! G\u00fcnd\u00fczleri bisikletli kurye, geceleri oyuncu aday\u0131y\u0131m ve bu da benim web sitem. Los Angeles'ta ya\u015f\u0131yorum, Jack ad\u0131nda harika bir k\u00f6pe\u011fim var ve pi\u00f1a coladas'\u0131 seviyorum. (Ve ya\u011fmura yakalanmay\u0131.)<\/p><\/blockquote>\n\n\n\n<p>...ya da bunun gibi bir \u015fey:<\/p>\n\n\n\n<blockquote class=\"wp-block-quote is-layout-flow wp-block-quote-is-layout-flow\"><p>XYZ Doohickey Company 1971 y\u0131l\u0131nda kuruldu ve o zamandan beri halka kaliteli doohickey'ler sunuyor. Gotham City'de bulunan XYZ, 2.000'den fazla ki\u015fiyi istihdam etmekte ve Gotham toplumu i\u00e7in her t\u00fcrl\u00fc harika \u015feyi yapmaktad\u0131r.<\/p><\/blockquote>\n\n\n\n<p>Yeni bir WordPress kullan\u0131c\u0131s\u0131 olarak \u015fu adrese gitmelisiniz <a href=\"http:\/\/sunnavfarm.com\/wp-admin\/\">g\u00f6sterge paneliniz<\/a> bu sayfay\u0131 silmek ve i\u00e7eri\u011finiz i\u00e7in yeni sayfalar olu\u015fturmak i\u00e7in. \u0130yi e\u011flenceler!<\/p>","protected":false},"excerpt":{"rendered":"<p>Bu \u00f6rnek bir sayfad\u0131r. Bir blog yaz\u0131s\u0131ndan farkl\u0131d\u0131r \u00e7\u00fcnk\u00fc tek bir yerde duracak ve sitenizin navigasyonunda (\u00e7o\u011fu temada) g\u00f6r\u00fcnecektir. \u00c7o\u011fu ki\u015fi, kendilerini potansiyel site ziyaret\u00e7ilerine tan\u0131tan bir Hakk\u0131nda sayfas\u0131yla ba\u015flar. \u015e\u00f6yle bir \u015fey yazabilir: Merhabalar! Ben bir bisikletli kuryeyim [...]<\/p>","protected":false},"author":1,"featured_media":0,"parent":0,"menu_order":0,"comment_status":"closed","ping_status":"open","template":"","meta":{"site-sidebar-layout":"default","site-content-layout":"","ast-site-content-layout":"","site-content-style":"default","site-sidebar-style":"default","ast-global-header-display":"","ast-banner-title-visibility":"","ast-main-header-display":"","ast-hfb-above-header-display":"","ast-hfb-below-header-display":"","ast-hfb-mobile-header-display":"","site-post-title":"","ast-breadcrumbs-content":"","ast-featured-img":"","footer-sml-layout":"","theme-transparent-header-meta":"","adv-header-id-meta":"","stick-header-meta":"","header-above-stick-meta":"","header-main-stick-meta":"","header-below-stick-meta":"","astra-migrate-meta-layouts":"default","ast-page-background-enabled":"default","ast-page-background-meta":{"desktop":{"background-color":"","background-image":"","background-repeat":"repeat","background-position":"center center","background-size":"auto","background-attachment":"scroll","background-type":"","background-media":"","overlay-type":"","overlay-color":"","overlay-gradient":""},"tablet":{"background-color":"","background-image":"","background-repeat":"repeat","background-position":"center center","background-size":"auto","background-attachment":"scroll","background-type":"","background-media":"","overlay-type":"","overlay-color":"","overlay-gradient":""},"mobile":{"background-color":"","background-image":"","background-repeat":"repeat","background-position":"center center","background-size":"auto","background-attachment":"scroll","background-type":"","background-media":"","overlay-type":"","overlay-color":"","overlay-gradient":""}},"ast-content-background-meta":{"desktop":{"background-color":"var(--ast-global-color-5)","background-image":"","background-repeat":"repeat","background-position":"center center","background-size":"auto","background-attachment":"scroll","background-type":"","background-media":"","overlay-type":"","overlay-color":"","overlay-gradient":""},"tablet":{"background-color":"var(--ast-global-color-5)","background-image":"","background-repeat":"repeat","background-position":"center center","background-size":"auto","background-attachment":"scroll","background-type":"","background-media":"","overlay-type":"","overlay-color":"","overlay-gradient":""},"mobile":{"background-color":"var(--ast-global-color-5)","background-image":"","background-repeat":"repeat","background-position":"center center","background-size":"auto","background-attachment":"scroll","background-type":"","background-media":"","overlay-type":"","overlay-color":"","overlay-gradient":""}},"footnotes":""},"class_list":["post-2","page","type-page","status-publish","hentry"],"yoast_head":"<!-- This site is optimized with the Yoast SEO Premium plugin v20.3 (Yoast SEO v20.3) - https:\/\/yoast.com\/wordpress\/plugins\/seo\/ -->\n<title>Sample Page - SunNav smart farm<\/title>\n<meta name=\"robots\" content=\"index, follow, max-snippet:-1, max-image-preview:large, max-video-preview:-1\" \/>\n<link rel=\"canonical\" href=\"https:\/\/sunnavfarm.com\/tr\/ornek-sayfa\/\" \/>\n<meta property=\"og:locale\" content=\"tr_TR\" \/>\n<meta property=\"og:type\" content=\"article\" \/>\n<meta property=\"og:title\" content=\"Sample Page\" \/>\n<meta property=\"og:description\" content=\"This is an example page. It&#8217;s different from a blog post because it will stay in one place and will show up in your site navigation (in most themes). Most people start with an About page that introduces them to potential site visitors. It might say something like this: Hi there! I&#8217;m a bike messenger [&hellip;]\" \/>\n<meta property=\"og:url\" content=\"https:\/\/sunnavfarm.com\/tr\/ornek-sayfa\/\" \/>\n<meta property=\"og:site_name\" content=\"SunNav smart farm\" \/>\n<meta name=\"twitter:card\" content=\"summary_large_image\" \/>\n<meta name=\"twitter:label1\" content=\"Tahmini okuma s\u00fcresi\" \/>\n\t<meta name=\"twitter:data1\" content=\"1 minute\" \/>\n<!-- \/ Yoast SEO Premium plugin. -->","yoast_head_json":{"title":"Sample Page - SunNav smart farm","robots":{"index":"index","follow":"follow","max-snippet":"max-snippet:-1","max-image-preview":"max-image-preview:large","max-video-preview":"max-video-preview:-1"},"canonical":"https:\/\/sunnavfarm.com\/tr\/ornek-sayfa\/","og_locale":"tr_TR","og_type":"article","og_title":"Sample Page","og_description":"This is an example page. It&#8217;s different from a blog post because it will stay in one place and will show up in your site navigation (in most themes). Most people start with an About page that introduces them to potential site visitors. It might say something like this: Hi there! I&#8217;m a bike messenger [&hellip;]","og_url":"https:\/\/sunnavfarm.com\/tr\/ornek-sayfa\/","og_site_name":"SunNav smart farm","twitter_card":"summary_large_image","twitter_misc":{"Tahmini okuma s\u00fcresi":"1 minute"},"schema":{"@context":"https:\/\/schema.org","@graph":[{"@type":"WebPage","@id":"https:\/\/sunnavfarm.com\/sample-page\/","url":"https:\/\/sunnavfarm.com\/sample-page\/","name":"Sample Page - SunNav smart farm","isPartOf":{"@id":"https:\/\/sunnavfarm.com\/en\/#website"},"datePublished":"2023-01-04T03:38:25+00:00","dateModified":"2023-01-04T03:38:25+00:00","breadcrumb":{"@id":"https:\/\/sunnavfarm.com\/sample-page\/#breadcrumb"},"inLanguage":"tr-TR","potentialAction":[{"@type":"ReadAction","target":["https:\/\/sunnavfarm.com\/sample-page\/"]}]},{"@type":"BreadcrumbList","@id":"https:\/\/sunnavfarm.com\/sample-page\/#breadcrumb","itemListElement":[{"@type":"ListItem","position":1,"name":"\u9996\u9875","item":"https:\/\/sunnavfarm.com\/"},{"@type":"ListItem","position":2,"name":"Sample Page"}]},{"@type":"WebSite","@id":"https:\/\/sunnavfarm.com\/en\/#website","url":"https:\/\/sunnavfarm.com\/en\/","name":"SunNav smart farm","description":"auto steering for tractors","publisher":{"@id":"https:\/\/sunnavfarm.com\/en\/#organization"},"potentialAction":[{"@type":"SearchAction","target":{"@type":"EntryPoint","urlTemplate":"https:\/\/sunnavfarm.com\/en\/?s={search_term_string}"},"query-input":"required name=search_term_string"}],"inLanguage":"tr-TR"},{"@type":"Organization","@id":"https:\/\/sunnavfarm.com\/en\/#organization","name":"SunNav smart farm","url":"https:\/\/sunnavfarm.com\/en\/","logo":{"@type":"ImageObject","inLanguage":"tr-TR","@id":"https:\/\/sunnavfarm.com\/en\/#\/schema\/logo\/image\/","url":"https:\/\/sunnavfarm.com\/wp-content\/uploads\/2023\/01\/cropped-logo_2.png","contentUrl":"https:\/\/sunnavfarm.com\/wp-content\/uploads\/2023\/01\/cropped-logo_2.png","width":200,"height":44,"caption":"SunNav smart farm"},"image":{"@id":"https:\/\/sunnavfarm.com\/en\/#\/schema\/logo\/image\/"}}]}},"_links":{"self":[{"href":"https:\/\/sunnavfarm.com\/tr\/wp-json\/wp\/v2\/pages\/2","targetHints":{"allow":["GET"]}}],"collection":[{"href":"https:\/\/sunnavfarm.com\/tr\/wp-json\/wp\/v2\/pages"}],"about":[{"href":"https:\/\/sunnavfarm.com\/tr\/wp-json\/wp\/v2\/types\/page"}],"author":[{"embeddable":true,"href":"https:\/\/sunnavfarm.com\/tr\/wp-json\/wp\/v2\/users\/1"}],"replies":[{"embeddable":true,"href":"https:\/\/sunnavfarm.com\/tr\/wp-json\/wp\/v2\/comments?post=2"}],"version-history":[{"count":0,"href":"https:\/\/sunnavfarm.com\/tr\/wp-json\/wp\/v2\/pages\/2\/revisions"}],"wp:attachment":[{"href":"https:\/\/sunnavfarm.com\/tr\/wp-json\/wp\/v2\/media?parent=2"}],"curies":[{"name":"wp","href":"https:\/\/api.w.org\/{rel}","templated":true}]}}