{"id":2,"date":"2023-01-04T03:38:25","date_gmt":"2023-01-04T03:38:25","guid":{"rendered":"http:\/\/sunnavfarm.com\/?page_id=2"},"modified":"2023-01-04T03:38:25","modified_gmt":"2023-01-04T03:38:25","slug":"sample-page","status":"publish","type":"page","link":"https:\/\/sunnavfarm.com\/pt\/pagina-de-amostra\/","title":{"rendered":"P\u00e1gina de amostra"},"content":{"rendered":"<p>Esta \u00e9 uma p\u00e1gina de exemplo. \u00c9 diferente de uma postagem de blog porque ficar\u00e1 em um \u00fanico lugar e aparecer\u00e1 na navega\u00e7\u00e3o do seu site (na maioria dos temas). A maioria das pessoas come\u00e7a com uma p\u00e1gina Sobre que as apresenta aos poss\u00edveis visitantes do site. Ela pode dizer algo assim:<\/p>\n\n\n\n<blockquote class=\"wp-block-quote is-layout-flow wp-block-quote-is-layout-flow\"><p>Ol\u00e1! Sou um mensageiro de bicicleta durante o dia, aspirante a ator \u00e0 noite e este \u00e9 o meu site. Moro em Los Angeles, tenho um \u00f3timo cachorro chamado Jack e gosto de pi\u00f1a coladas. (E de ser pego pela chuva).<\/p><\/blockquote>\n\n\n\n<p>...ou algo assim:<\/p>\n\n\n\n<blockquote class=\"wp-block-quote is-layout-flow wp-block-quote-is-layout-flow\"><p>A XYZ Doohickey Company foi fundada em 1971 e, desde ent\u00e3o, tem fornecido doohickeys de qualidade ao p\u00fablico. Localizada em Gotham City, a XYZ emprega mais de 2.000 pessoas e faz todo tipo de coisas incr\u00edveis para a comunidade de Gotham.<\/p><\/blockquote>\n\n\n\n<p>Como um novo usu\u00e1rio do WordPress, voc\u00ea deve ir para <a href=\"http:\/\/sunnavfarm.com\/wp-admin\/\">Seu painel de controle<\/a> para excluir esta p\u00e1gina e criar novas p\u00e1ginas para seu conte\u00fado. Divirta-se!<\/p>","protected":false},"excerpt":{"rendered":"<p>Esta \u00e9 uma p\u00e1gina de exemplo. \u00c9 diferente de uma postagem de blog porque ficar\u00e1 em um \u00fanico lugar e aparecer\u00e1 na navega\u00e7\u00e3o do seu site (na maioria dos temas). A maioria das pessoas come\u00e7a com uma p\u00e1gina Sobre que as apresenta aos poss\u00edveis visitantes do site. Ela pode dizer algo assim: Ol\u00e1! Sou um mensageiro de bicicleta [...]<\/p>","protected":false},"author":1,"featured_media":0,"parent":0,"menu_order":0,"comment_status":"closed","ping_status":"open","template":"","meta":{"site-sidebar-layout":"default","site-content-layout":"","ast-site-content-layout":"","site-content-style":"default","site-sidebar-style":"default","ast-global-header-display":"","ast-banner-title-visibility":"","ast-main-header-display":"","ast-hfb-above-header-display":"","ast-hfb-below-header-display":"","ast-hfb-mobile-header-display":"","site-post-title":"","ast-breadcrumbs-content":"","ast-featured-img":"","footer-sml-layout":"","theme-transparent-header-meta":"","adv-header-id-meta":"","stick-header-meta":"","header-above-stick-meta":"","header-main-stick-meta":"","header-below-stick-meta":"","astra-migrate-meta-layouts":"default","ast-page-background-enabled":"default","ast-page-background-meta":{"desktop":{"background-color":"","background-image":"","background-repeat":"repeat","background-position":"center center","background-size":"auto","background-attachment":"scroll","background-type":"","background-media":"","overlay-type":"","overlay-color":"","overlay-gradient":""},"tablet":{"background-color":"","background-image":"","background-repeat":"repeat","background-position":"center center","background-size":"auto","background-attachment":"scroll","background-type":"","background-media":"","overlay-type":"","overlay-color":"","overlay-gradient":""},"mobile":{"background-color":"","background-image":"","background-repeat":"repeat","background-position":"center center","background-size":"auto","background-attachment":"scroll","background-type":"","background-media":"","overlay-type":"","overlay-color":"","overlay-gradient":""}},"ast-content-background-meta":{"desktop":{"background-color":"var(--ast-global-color-5)","background-image":"","background-repeat":"repeat","background-position":"center center","background-size":"auto","background-attachment":"scroll","background-type":"","background-media":"","overlay-type":"","overlay-color":"","overlay-gradient":""},"tablet":{"background-color":"var(--ast-global-color-5)","background-image":"","background-repeat":"repeat","background-position":"center center","background-size":"auto","background-attachment":"scroll","background-type":"","background-media":"","overlay-type":"","overlay-color":"","overlay-gradient":""},"mobile":{"background-color":"var(--ast-global-color-5)","background-image":"","background-repeat":"repeat","background-position":"center center","background-size":"auto","background-attachment":"scroll","background-type":"","background-media":"","overlay-type":"","overlay-color":"","overlay-gradient":""}},"footnotes":""},"class_list":["post-2","page","type-page","status-publish","hentry"],"yoast_head":"<!-- This site is optimized with the Yoast SEO Premium plugin v20.3 (Yoast SEO v20.3) - https:\/\/yoast.com\/wordpress\/plugins\/seo\/ -->\n<title>Sample Page - SunNav smart farm<\/title>\n<meta name=\"robots\" content=\"index, follow, max-snippet:-1, max-image-preview:large, max-video-preview:-1\" \/>\n<link rel=\"canonical\" href=\"https:\/\/sunnavfarm.com\/pt\/pagina-de-amostra\/\" \/>\n<meta property=\"og:locale\" content=\"pt_BR\" \/>\n<meta property=\"og:type\" content=\"article\" \/>\n<meta property=\"og:title\" content=\"Sample Page\" \/>\n<meta property=\"og:description\" content=\"This is an example page. It&#8217;s different from a blog post because it will stay in one place and will show up in your site navigation (in most themes). Most people start with an About page that introduces them to potential site visitors. It might say something like this: Hi there! I&#8217;m a bike messenger [&hellip;]\" \/>\n<meta property=\"og:url\" content=\"https:\/\/sunnavfarm.com\/pt\/pagina-de-amostra\/\" \/>\n<meta property=\"og:site_name\" content=\"SunNav smart farm\" \/>\n<meta name=\"twitter:card\" content=\"summary_large_image\" \/>\n<meta name=\"twitter:label1\" content=\"Est. tempo de leitura\" \/>\n\t<meta name=\"twitter:data1\" content=\"1 minuto\" \/>\n<!-- \/ Yoast SEO Premium plugin. -->","yoast_head_json":{"title":"Sample Page - SunNav smart farm","robots":{"index":"index","follow":"follow","max-snippet":"max-snippet:-1","max-image-preview":"max-image-preview:large","max-video-preview":"max-video-preview:-1"},"canonical":"https:\/\/sunnavfarm.com\/pt\/pagina-de-amostra\/","og_locale":"pt_BR","og_type":"article","og_title":"Sample Page","og_description":"This is an example page. It&#8217;s different from a blog post because it will stay in one place and will show up in your site navigation (in most themes). Most people start with an About page that introduces them to potential site visitors. It might say something like this: Hi there! I&#8217;m a bike messenger [&hellip;]","og_url":"https:\/\/sunnavfarm.com\/pt\/pagina-de-amostra\/","og_site_name":"SunNav smart farm","twitter_card":"summary_large_image","twitter_misc":{"Est. tempo de leitura":"1 minuto"},"schema":{"@context":"https:\/\/schema.org","@graph":[{"@type":"WebPage","@id":"https:\/\/sunnavfarm.com\/sample-page\/","url":"https:\/\/sunnavfarm.com\/sample-page\/","name":"Sample Page - SunNav smart farm","isPartOf":{"@id":"https:\/\/sunnavfarm.com\/en\/#website"},"datePublished":"2023-01-04T03:38:25+00:00","dateModified":"2023-01-04T03:38:25+00:00","breadcrumb":{"@id":"https:\/\/sunnavfarm.com\/sample-page\/#breadcrumb"},"inLanguage":"pt-BR","potentialAction":[{"@type":"ReadAction","target":["https:\/\/sunnavfarm.com\/sample-page\/"]}]},{"@type":"BreadcrumbList","@id":"https:\/\/sunnavfarm.com\/sample-page\/#breadcrumb","itemListElement":[{"@type":"ListItem","position":1,"name":"\u9996\u9875","item":"https:\/\/sunnavfarm.com\/"},{"@type":"ListItem","position":2,"name":"Sample Page"}]},{"@type":"WebSite","@id":"https:\/\/sunnavfarm.com\/en\/#website","url":"https:\/\/sunnavfarm.com\/en\/","name":"SunNav smart farm","description":"auto steering for tractors","publisher":{"@id":"https:\/\/sunnavfarm.com\/en\/#organization"},"potentialAction":[{"@type":"SearchAction","target":{"@type":"EntryPoint","urlTemplate":"https:\/\/sunnavfarm.com\/en\/?s={search_term_string}"},"query-input":"required name=search_term_string"}],"inLanguage":"pt-BR"},{"@type":"Organization","@id":"https:\/\/sunnavfarm.com\/en\/#organization","name":"SunNav smart farm","url":"https:\/\/sunnavfarm.com\/en\/","logo":{"@type":"ImageObject","inLanguage":"pt-BR","@id":"https:\/\/sunnavfarm.com\/en\/#\/schema\/logo\/image\/","url":"https:\/\/sunnavfarm.com\/wp-content\/uploads\/2023\/01\/cropped-logo_2.png","contentUrl":"https:\/\/sunnavfarm.com\/wp-content\/uploads\/2023\/01\/cropped-logo_2.png","width":200,"height":44,"caption":"SunNav smart farm"},"image":{"@id":"https:\/\/sunnavfarm.com\/en\/#\/schema\/logo\/image\/"}}]}},"_links":{"self":[{"href":"https:\/\/sunnavfarm.com\/pt\/wp-json\/wp\/v2\/pages\/2","targetHints":{"allow":["GET"]}}],"collection":[{"href":"https:\/\/sunnavfarm.com\/pt\/wp-json\/wp\/v2\/pages"}],"about":[{"href":"https:\/\/sunnavfarm.com\/pt\/wp-json\/wp\/v2\/types\/page"}],"author":[{"embeddable":true,"href":"https:\/\/sunnavfarm.com\/pt\/wp-json\/wp\/v2\/users\/1"}],"replies":[{"embeddable":true,"href":"https:\/\/sunnavfarm.com\/pt\/wp-json\/wp\/v2\/comments?post=2"}],"version-history":[{"count":0,"href":"https:\/\/sunnavfarm.com\/pt\/wp-json\/wp\/v2\/pages\/2\/revisions"}],"wp:attachment":[{"href":"https:\/\/sunnavfarm.com\/pt\/wp-json\/wp\/v2\/media?parent=2"}],"curies":[{"name":"wp","href":"https:\/\/api.w.org\/{rel}","templated":true}]}}